{"id":6,"date":"2022-10-26T11:32:06","date_gmt":"2022-10-26T09:32:06","guid":{"rendered":"https:\/\/workeat.fr\/?page_id=6"},"modified":"2023-05-16T14:11:35","modified_gmt":"2023-05-16T12:11:35","slug":"le-nouveau-e-mucem-ouvre-ses-portes-2","status":"publish","type":"page","link":"https:\/\/workeat.fr\/","title":{"rendered":"WorkEat"},"content":{"rendered":"\n<div class=\"wp-block-group alignfull containerAccueil\"><div class=\"wp-block-group__inner-container is-layout-flow wp-block-group-is-layout-flow\">\n<div class=\"wp-block-group alignfull\"><div class=\"wp-block-group__inner-container is-layout-flow wp-block-group-is-layout-flow\">\n<div class=\"wp-block-columns alignfull is-layout-flex wp-container-core-columns-is-layout-9d6595d7 wp-block-columns-is-layout-flex\">\n<div class=\"wp-block-column linkToAppSite is-layout-flow wp-block-column-is-layout-flow\"><a href=\"\/client\"    class=\"wp-block-tiptip-hyperlink-group-block\" >\n<div class=\"wp-block-cover linkToClient\"><span aria-hidden=\"true\" class=\"wp-block-cover__background has-background-dim-100 has-background-dim\" style=\"background-color:#0055a4\"><\/span><div class=\"wp-block-cover__inner-container is-layout-flow wp-block-cover-is-layout-flow\">\n<div class=\"iconBlockAccueilContainer\"><figure class=\"wp-block-image size-large aligncenter iconBlockAccueil\"><img loading=\"lazy\" decoding=\"async\" width=\"18\" height=\"18\" src=\"https:\/\/workeat.fr\/wp-content\/uploads\/2023\/02\/Eat.svg\" alt=\"\" class=\"wp-image-367\"><\/figure><\/div>\n\n\n\n<div class=\"wp-block-group\"><div class=\"wp-block-group__inner-container is-layout-flow wp-block-group-is-layout-flow\">\n<h3 class=\"wp-block-heading has-background-color has-text-color\">Vous \u00eates client <\/h3>\n\n\n\n<p class=\"has-background-color has-text-color\">D\u00e9couvrez les restaurants de votre secteur !<\/p>\n\n\n\n\n<div class=\"wp-block-button is-style-outline\"><span class=\"wp-block-button__link has-background-color has-text-color has-background wp-element-button\" href=\"\/client\" style=\"background-color:#ff4135\">D\u00e9couvrir<\/span><\/div>\n\n<\/div><\/div>\n<\/div><\/div>\n<\/a><\/div>\n\n\n\n<div class=\"wp-block-column linkToAppSite is-layout-flow wp-block-column-is-layout-flow\"><a href=\"\/restaurateur\"    class=\"wp-block-tiptip-hyperlink-group-block\" >\n<div class=\"wp-block-cover linkToClient\"><span aria-hidden=\"true\" class=\"wp-block-cover__background has-background-dim-100 has-background-dim\" style=\"background-color:#0055a4\"><\/span><div class=\"wp-block-cover__inner-container is-layout-flow wp-block-cover-is-layout-flow\">\n<div class=\"iconBlockAccueilContainer\"><figure class=\"wp-block-image aligncenter size-large iconBlockAccueil\"><img loading=\"lazy\" decoding=\"async\" width=\"22\" height=\"29\" src=\"https:\/\/workeat.fr\/wp-content\/uploads\/2023\/02\/Work.svg\" alt=\"\" class=\"wp-image-368 imgSmallPadding\"><\/figure><\/div>\n\n\n\n<div class=\"wp-block-group\"><div class=\"wp-block-group__inner-container is-layout-flow wp-block-group-is-layout-flow\">\n<h3 class=\"wp-block-heading has-background-color has-text-color\">Vous \u00eates restaurateur <\/h3>\n\n\n\n<p class=\"has-background-color has-text-color\">Acc\u00e9dez directement \u00e0 votre espace<\/p>\n\n\n\n\n<div class=\"wp-block-button is-style-outline\"><span class=\"wp-block-button__link has-background-color has-text-color has-background wp-element-button\" href=\"\/restaurateur\" style=\"background-color:#ff4135\">Votre espace<\/span><\/div>\n\n<\/div><\/div>\n<\/div><\/div>\n<\/a><\/div>\n<\/div>\n<\/div><\/div>\n<\/div><\/div>\n\n\n\n<div class=\"wp-block-group alignwide descriptionBlockContainer has-background is-vertical is-content-justification-center is-layout-flex wp-container-core-group-is-layout-4b2eccd6 wp-block-group-is-layout-flex\" style=\"background-color:#0055a4\">\n<h2 class=\"has-background-color has-text-color\" style=\"margin:0 auto 2rem;\">Bienvenue chez WorkEat !<\/h2>\n\n\n\n<figure class=\"wp-block-image size-large\" style=\"margin-top:1rem;\"><img loading=\"lazy\" decoding=\"async\" width=\"100\" height=\"100\" style=\"width: 180px;\n    border-radius: 16px;\n    height: 180px; box-shadow:rgba(0, 0, 0, 0.35) 0px 5px 15px;\" src=\"https:\/\/workeat.fr\/wp-content\/uploads\/2023\/02\/icon_textVector-1.svg\" alt=\"\" class=\"wp-image-511\"><\/figure>\n\n\n\n<p style=\" color:#ffffff;    margin: 0 2.5rem 4rem;\">Avec WorkEat, vous avez le pouvoir de prendre une vraie pause d\u00e9jeuner. Vous pouvez comparer les restaurants et r\u00e9server votre commande \u00e0 l&rsquo;heure que vous souhaitez. Vous arrivez au restaurant, votre table et vos plats vous attendent. Nous essayons d&rsquo;am\u00e9liorer au maximum votre exp\u00e9rience et nous esp\u00e9rons que vous passerez un moment inoubliable.<\/p>\n\n\n\n<div class=\"wp-block-columns alignfull containerAccueilCard1 is-layout-flex wp-container-core-columns-is-layout-9d6595d7 wp-block-columns-is-layout-flex\">\n<div class=\"wp-block-column is-layout-flow wp-block-column-is-layout-flow\">\n<div class=\"wp-block-cover descriptionBlock\"><span aria-hidden=\"true\" class=\"wp-block-cover__background has-background-dim-100 has-background-dim\" style=\"background-color:#0055a4\"><\/span><div class=\"wp-block-cover__inner-container is-layout-flow wp-block-cover-is-layout-flow\">\n<div class=\"wp-block-group\"><div class=\"wp-block-group__inner-container is-layout-flow wp-block-group-is-layout-flow\">\n<figure class=\"wp-block-image alignfull size-large\"><img loading=\"lazy\" decoding=\"async\" width=\"1024\" height=\"682\" src=\"https:\/\/workeat.fr\/wp-content\/uploads\/2022\/10\/smartphone-gca142b51c_1280-1024x682.jpeg\" alt=\"\" class=\"wp-image-36\" srcset=\"https:\/\/workeat.fr\/wp-content\/uploads\/2022\/10\/smartphone-gca142b51c_1280-1024x682.jpeg 1024w, https:\/\/workeat.fr\/wp-content\/uploads\/2022\/10\/smartphone-gca142b51c_1280-300x200.jpeg 300w, https:\/\/workeat.fr\/wp-content\/uploads\/2022\/10\/smartphone-gca142b51c_1280-768x512.jpeg 768w, https:\/\/workeat.fr\/wp-content\/uploads\/2022\/10\/smartphone-gca142b51c_1280-1200x800.jpeg 1200w, https:\/\/workeat.fr\/wp-content\/uploads\/2022\/10\/smartphone-gca142b51c_1280.jpeg 1280w\" sizes=\"auto, (max-width: 1024px) 100vw, 1024px\" \/><\/figure>\n\n\n\n<h3 class=\"wp-block-heading has-text-align-center has-small-font-size\">T\u00e9l\u00e9chargez l&rsquo;application mobile, disponible sur IOS et Android<\/h3>\n<\/div><\/div>\n<\/div><\/div>\n<\/div>\n\n\n\n<div class=\"wp-block-column is-layout-flow wp-block-column-is-layout-flow\">\n<div class=\"wp-block-cover descriptionBlock\"><span aria-hidden=\"true\" class=\"wp-block-cover__background has-background-dim-100 has-background-dim\" style=\"background-color:#0055a4\"><\/span><div class=\"wp-block-cover__inner-container is-layout-flow wp-block-cover-is-layout-flow\">\n<div class=\"wp-block-group\"><div class=\"wp-block-group__inner-container is-layout-flow wp-block-group-is-layout-flow\">\n<figure class=\"wp-block-image alignfull size-large\"><img loading=\"lazy\" decoding=\"async\" width=\"1024\" height=\"678\" src=\"https:\/\/workeat.fr\/wp-content\/uploads\/2022\/10\/cafe-g79a87a50b_1280-1024x678.jpeg\" alt=\"\" class=\"wp-image-33\" srcset=\"https:\/\/workeat.fr\/wp-content\/uploads\/2022\/10\/cafe-g79a87a50b_1280-1024x678.jpeg 1024w, https:\/\/workeat.fr\/wp-content\/uploads\/2022\/10\/cafe-g79a87a50b_1280-300x199.jpeg 300w, https:\/\/workeat.fr\/wp-content\/uploads\/2022\/10\/cafe-g79a87a50b_1280-768x508.jpeg 768w, https:\/\/workeat.fr\/wp-content\/uploads\/2022\/10\/cafe-g79a87a50b_1280-1200x794.jpeg 1200w, https:\/\/workeat.fr\/wp-content\/uploads\/2022\/10\/cafe-g79a87a50b_1280.jpeg 1280w\" sizes=\"auto, (max-width: 1024px) 100vw, 1024px\" \/><\/figure>\n\n\n\n<h3 class=\"wp-block-heading has-text-align-center has-small-font-size\">Retrouvez vos restaurants favoris et d\u00e9couvrez-en de nouveaux<\/h3>\n<\/div><\/div>\n<\/div><\/div>\n<\/div>\n\n\n\n<div class=\"wp-block-column is-layout-flow wp-block-column-is-layout-flow\">\n<div class=\"wp-block-cover descriptionBlock\"><span aria-hidden=\"true\" class=\"wp-block-cover__background has-background-dim-100 has-background-dim\" style=\"background-color:#0055a4\"><\/span><div class=\"wp-block-cover__inner-container is-layout-flow wp-block-cover-is-layout-flow\">\n<div class=\"wp-block-group\"><div class=\"wp-block-group__inner-container is-layout-flow wp-block-group-is-layout-flow\">\n<figure class=\"wp-block-image alignfull size-large\"><img loading=\"lazy\" decoding=\"async\" width=\"1024\" height=\"683\" src=\"https:\/\/workeat.fr\/wp-content\/uploads\/2022\/10\/platter-g911a6d5d5_1280-1024x683.jpeg\" alt=\"\" class=\"wp-image-34\" srcset=\"https:\/\/workeat.fr\/wp-content\/uploads\/2022\/10\/platter-g911a6d5d5_1280-1024x683.jpeg 1024w, https:\/\/workeat.fr\/wp-content\/uploads\/2022\/10\/platter-g911a6d5d5_1280-300x200.jpeg 300w, https:\/\/workeat.fr\/wp-content\/uploads\/2022\/10\/platter-g911a6d5d5_1280-768x512.jpeg 768w, https:\/\/workeat.fr\/wp-content\/uploads\/2022\/10\/platter-g911a6d5d5_1280-1200x801.jpeg 1200w, https:\/\/workeat.fr\/wp-content\/uploads\/2022\/10\/platter-g911a6d5d5_1280.jpeg 1280w\" sizes=\"auto, (max-width: 1024px) 100vw, 1024px\" \/><\/figure>\n\n\n\n<h3 class=\"wp-block-heading has-text-align-center has-small-font-size\">R\u00e9servez votre repas en fonction de vos envies<\/h3>\n<\/div><\/div>\n<\/div><\/div>\n<\/div>\n\n\n\n<div class=\"wp-block-column has-small-font-size is-layout-flow wp-block-column-is-layout-flow\">\n<div class=\"wp-block-cover descriptionBlock\"><span aria-hidden=\"true\" class=\"wp-block-cover__background has-background-dim-100 has-background-dim\" style=\"background-color:#0055a4\"><\/span><div class=\"wp-block-cover__inner-container is-layout-flow wp-block-cover-is-layout-flow\">\n<div class=\"wp-block-group\"><div class=\"wp-block-group__inner-container is-layout-flow wp-block-group-is-layout-flow\">\n<figure class=\"wp-block-image alignfull size-large\"><img loading=\"lazy\" decoding=\"async\" width=\"1024\" height=\"668\" src=\"https:\/\/workeat.fr\/wp-content\/uploads\/2022\/10\/alarm-clock-gda63aa733_1280-1024x668.jpeg\" alt=\"\" class=\"wp-image-35\" srcset=\"https:\/\/workeat.fr\/wp-content\/uploads\/2022\/10\/alarm-clock-gda63aa733_1280-1024x668.jpeg 1024w, https:\/\/workeat.fr\/wp-content\/uploads\/2022\/10\/alarm-clock-gda63aa733_1280-300x196.jpeg 300w, https:\/\/workeat.fr\/wp-content\/uploads\/2022\/10\/alarm-clock-gda63aa733_1280-768x501.jpeg 768w, https:\/\/workeat.fr\/wp-content\/uploads\/2022\/10\/alarm-clock-gda63aa733_1280-1200x783.jpeg 1200w, https:\/\/workeat.fr\/wp-content\/uploads\/2022\/10\/alarm-clock-gda63aa733_1280.jpeg 1280w\" sizes=\"auto, (max-width: 1024px) 100vw, 1024px\" \/><\/figure>\n\n\n\n<h3 class=\"wp-block-heading has-text-align-center has-small-font-size\">Savourez, apr\u00e9ciez, vous avez le temps de manger !<\/h3>\n<\/div><\/div>\n<\/div><\/div>\n<\/div>\n<\/div>\n<\/div>\n\n\n\n<figure class=\"wp-block-video alignfull videoPresentation\"><video controls=\"\" preload=\"auto\" src=\"https:\/\/workeat.fr\/wp-content\/uploads\/2023\/05\/Presentation-Workeat.mp4\" poster=\"https:\/\/workeat.fr\/wp-content\/uploads\/2023\/05\/FondVideo.png\" playsinline=\"\"><\/video><\/figure>\n\n\n\n<figure class=\"wp-block-image alignfull size-large\"><img loading=\"lazy\" decoding=\"async\" width=\"1024\" height=\"365\" src=\"https:\/\/workeat.fr\/wp-content\/uploads\/2022\/10\/wood-g3d3b0fb95_1920-1024x365.png\" alt=\"\" class=\"wp-image-58\" srcset=\"https:\/\/workeat.fr\/wp-content\/uploads\/2022\/10\/wood-g3d3b0fb95_1920-1024x365.png 1024w, https:\/\/workeat.fr\/wp-content\/uploads\/2022\/10\/wood-g3d3b0fb95_1920-300x107.png 300w, https:\/\/workeat.fr\/wp-content\/uploads\/2022\/10\/wood-g3d3b0fb95_1920-768x274.png 768w, https:\/\/workeat.fr\/wp-content\/uploads\/2022\/10\/wood-g3d3b0fb95_1920-1536x547.png 1536w, https:\/\/workeat.fr\/wp-content\/uploads\/2022\/10\/wood-g3d3b0fb95_1920-1200x428.png 1200w, https:\/\/workeat.fr\/wp-content\/uploads\/2022\/10\/wood-g3d3b0fb95_1920.png 1914w\" sizes=\"auto, (max-width: 1024px) 100vw, 1024px\" \/><\/figure>\n\n\n\n<div class=\"wp-block-group alignwide\"><div class=\"wp-block-group__inner-container is-layout-flow wp-block-group-is-layout-flow\">\n<h2 class=\"has-text-align-center has-primary-color has-text-color\" style=\"margin-top:6rem;\">\u00ab&nbsp;Gain de temps \u00e9norme gr\u00e2ce \u00e0 WorkEat tous les midis &nbsp;\u00bb<\/h2>\n<\/div><\/div>\n\n\n\n<p class=\"has-primary-color has-text-color\">Tous les midis, nous r\u00e9servons nos plats sur l&rsquo;application WorkEat, ce qui nous permet de gagner du temps et de vraiment pouvoir profiter de notre pause de midi pour se reposer et discuter entre coll\u00e8gues.<\/p>\n\n\n\n<p><\/p>\n\n\n\n<p>Nous n&rsquo;avons plus le sentiment de pression que nous pouvions ressentir auparavant. Nous sommes s\u00fbr d&rsquo;avoir le temps de manger correctement.<\/p>\n","protected":false},"excerpt":{"rendered":"<p>Bienvenue chez WorkEat ! Avec WorkEat, vous avez le pouvoir de prendre une vraie pause d\u00e9jeuner. Vous pouvez comparer les restaurants et r\u00e9server votre commande \u00e0 l&rsquo;heure que vous souhaitez. Vous arrivez au restaurant, votre table et vos plats vous attendent. Nous essayons d&rsquo;am\u00e9liorer au maximum votre exp\u00e9rience et nous esp\u00e9rons que vous passerez un [&hellip;]<\/p>\n","protected":false},"author":1,"featured_media":5,"parent":0,"menu_order":0,"comment_status":"closed","ping_status":"closed","template":"","meta":{"inline_featured_image":false,"footnotes":""},"class_list":["post-6","page","type-page","status-publish","has-post-thumbnail","hentry"],"_links":{"self":[{"href":"https:\/\/workeat.fr\/index.php\/wp-json\/wp\/v2\/pages\/6","targetHints":{"allow":["GET"]}}],"collection":[{"href":"https:\/\/workeat.fr\/index.php\/wp-json\/wp\/v2\/pages"}],"about":[{"href":"https:\/\/workeat.fr\/index.php\/wp-json\/wp\/v2\/types\/page"}],"author":[{"embeddable":true,"href":"https:\/\/workeat.fr\/index.php\/wp-json\/wp\/v2\/users\/1"}],"replies":[{"embeddable":true,"href":"https:\/\/workeat.fr\/index.php\/wp-json\/wp\/v2\/comments?post=6"}],"version-history":[{"count":172,"href":"https:\/\/workeat.fr\/index.php\/wp-json\/wp\/v2\/pages\/6\/revisions"}],"predecessor-version":[{"id":863,"href":"https:\/\/workeat.fr\/index.php\/wp-json\/wp\/v2\/pages\/6\/revisions\/863"}],"wp:featuredmedia":[{"embeddable":true,"href":"https:\/\/workeat.fr\/index.php\/wp-json\/wp\/v2\/media\/5"}],"wp:attachment":[{"href":"https:\/\/workeat.fr\/index.php\/wp-json\/wp\/v2\/media?parent=6"}],"curies":[{"name":"wp","href":"https:\/\/api.w.org\/{rel}","templated":true}]}}